{"id":450,"date":"2023-11-18T17:42:03","date_gmt":"2023-11-18T17:42:03","guid":{"rendered":"https:\/\/gobiernodechambo.gob.ec\/gadchambo\/?page_id=450"},"modified":"2025-02-12T03:38:35","modified_gmt":"2025-02-12T03:38:35","slug":"registro-de-la-propiedad","status":"publish","type":"page","link":"https:\/\/gobiernodechambo.gob.ec\/gadchambo\/registro-de-la-propiedad\/","title":{"rendered":"Registro de la propiedad"},"content":{"rendered":"<style>.kt-accordion-id450_488bc4-af .kt-accordion-panel-inner{border-top:0px solid transparent;border-right:0px solid transparent;border-bottom:0px solid transparent;border-left:0px solid transparent;background:#ffffff;padding-top:var(--global-kb-spacing-sm, 1.5rem);padding-right:var(--global-kb-spacing-sm, 1.5rem);padding-bottom:var(--global-kb-spacing-sm, 1.5rem);padding-left:var(--global-kb-spacing-sm, 1.5rem);}.kt-accordion-id450_488bc4-af .wp-block-kadence-pane .kt-accordion-header-wrap .kt-blocks-accordion-header{border-top:0px solid #f2f2f2;border-right:0px solid #f2f2f2;border-bottom:0px solid #f2f2f2;border-left:0px solid #f2f2f2;border-top-left-radius:6px;border-top-right-radius:6px;border-bottom-right-radius:6px;border-bottom-left-radius:6px;background:#f2f2f2;color:#555555;padding-top:14px;padding-right:16px;padding-bottom:14px;padding-left:16px;}.kt-accordion-wrap.kt-accordion-id450_488bc4-af > .kt-accordion-inner-wrap > .kt-accordion-pane > .kt-accordion-header-wrap{margin-top:10px;}.single-content .wp-block-kadence-pane>h2:first-child,\n\t\t\t.single-content .wp-block-kadence-pane>h3:first-child,\n\t\t\t.single-content .wp-block-kadence-pane>h4:first-child,\n\t\t\t.single-content .wp-block-kadence-pane>h5:first-child,\n\t\t\t.single-content .wp-block-kadence-pane>h6:first-child{margin-top:10px;}.kt-accordion-id450_488bc4-af:not( .kt-accodion-icon-style-basiccircle ):not( .kt-accodion-icon-style-xclosecircle ):not( .kt-accodion-icon-style-arrowcircle ) .kt-blocks-accordion-icon-trigger:after, .kt-accordion-id450_488bc4-af:not( .kt-accodion-icon-style-basiccircle ):not( .kt-accodion-icon-style-xclosecircle ):not( .kt-accodion-icon-style-arrowcircle ) .kt-blocks-accordion-icon-trigger:before{background:#555555;}.kt-accordion-id450_488bc4-af:not( .kt-accodion-icon-style-basic ):not( .kt-accodion-icon-style-xclose ):not( .kt-accodion-icon-style-arrow ) .kt-blocks-accordion-icon-trigger{background:#555555;}.kt-accordion-id450_488bc4-af:not( .kt-accodion-icon-style-basic ):not( .kt-accodion-icon-style-xclose ):not( .kt-accodion-icon-style-arrow ) .kt-blocks-accordion-icon-trigger:after, .kt-accordion-id450_488bc4-af:not( .kt-accodion-icon-style-basic ):not( .kt-accodion-icon-style-xclose ):not( .kt-accodion-icon-style-arrow ) .kt-blocks-accordion-icon-trigger:before{background:#f2f2f2;}.kt-accordion-id450_488bc4-af .kt-accordion-header-wrap .kt-blocks-accordion-header:hover, body:not(.hide-focus-outline) .kt-accordion-id450_488bc4-af .kt-accordion-header-wrap .kt-blocks-accordion-header:focus{color:#444444;background:#eeeeee;border-top-color:#eeeeee;border-top-style:solid;border-right-color:#eeeeee;border-right-style:solid;border-bottom-color:#eeeeee;border-bottom-style:solid;border-left-color:#eeeeee;border-left-style:solid;}.kt-accordion-id450_488bc4-af:not( .kt-accodion-icon-style-basiccircle ):not( .kt-accodion-icon-style-xclosecircle ):not( .kt-accodion-icon-style-arrowcircle ) .kt-blocks-accordion-header:hover .kt-blocks-accordion-icon-trigger:after, .kt-accordion-id450_488bc4-af:not( .kt-accodion-icon-style-basiccircle ):not( .kt-accodion-icon-style-xclosecircle ):not( .kt-accodion-icon-style-arrowcircle ) .kt-blocks-accordion-header:hover .kt-blocks-accordion-icon-trigger:before, body:not(.hide-focus-outline) .kt-accordion-id450_488bc4-af:not( .kt-accodion-icon-style-basiccircle ):not( .kt-accodion-icon-style-xclosecircle ):not( .kt-accodion-icon-style-arrowcircle ) .kt-blocks-accordion-header:focus .kt-blocks-accordion-icon-trigger:after, body:not(.hide-focus-outline) .kt-accordion-id450_488bc4-af:not( .kt-accodion-icon-style-basiccircle ):not( .kt-accodion-icon-style-xclosecircle ):not( .kt-accodion-icon-style-arrowcircle ) .kt-blocks-accordion-header:focus .kt-blocks-accordion-icon-trigger:before{background:#444444;}.kt-accordion-id450_488bc4-af:not( .kt-accodion-icon-style-basic ):not( .kt-accodion-icon-style-xclose ):not( .kt-accodion-icon-style-arrow ) .kt-blocks-accordion-header:hover .kt-blocks-accordion-icon-trigger, body:not(.hide-focus-outline) .kt-accordion-id450_488bc4-af:not( .kt-accodion-icon-style-basic ):not( .kt-accodion-icon-style-xclose ):not( .kt-accodion-icon-style-arrow ) .kt-blocks-accordion-header:focus .kt-blocks-accordion-icon-trigger{background:#444444;}.kt-accordion-id450_488bc4-af:not( .kt-accodion-icon-style-basic ):not( .kt-accodion-icon-style-xclose ):not( .kt-accodion-icon-style-arrow ) .kt-blocks-accordion-header:hover .kt-blocks-accordion-icon-trigger:after, .kt-accordion-id450_488bc4-af:not( .kt-accodion-icon-style-basic ):not( .kt-accodion-icon-style-xclose ):not( .kt-accodion-icon-style-arrow ) .kt-blocks-accordion-header:hover .kt-blocks-accordion-icon-trigger:before, body:not(.hide-focus-outline) .kt-accordion-id450_488bc4-af:not( .kt-accodion-icon-style-basic ):not( .kt-accodion-icon-style-xclose ):not( .kt-accodion-icon-style-arrow ) .kt-blocks-accordion-header:focus .kt-blocks-accordion-icon-trigger:after, body:not(.hide-focus-outline) .kt-accordion-id450_488bc4-af:not( .kt-accodion-icon-style-basic ):not( .kt-accodion-icon-style-xclose ):not( .kt-accodion-icon-style-arrow ) .kt-blocks-accordion-header:focus .kt-blocks-accordion-icon-trigger:before{background:#eeeeee;}.kt-accordion-id450_488bc4-af .kt-accordion-header-wrap .kt-blocks-accordion-header.kt-accordion-panel-active{color:#ffffff;background:#f3690e;border-top-color:#f3690e;border-top-style:solid;border-right-color:#f3690e;border-right-style:solid;border-bottom-color:#f3690e;border-bottom-style:solid;border-left-color:#f3690e;border-left-style:solid;}.kt-accordion-id450_488bc4-af:not( .kt-accodion-icon-style-basiccircle ):not( .kt-accodion-icon-style-xclosecircle ):not( .kt-accodion-icon-style-arrowcircle ) .kt-blocks-accordion-header.kt-accordion-panel-active .kt-blocks-accordion-icon-trigger:after, .kt-accordion-id450_488bc4-af:not( .kt-accodion-icon-style-basiccircle ):not( .kt-accodion-icon-style-xclosecircle ):not( .kt-accodion-icon-style-arrowcircle ) .kt-blocks-accordion-header.kt-accordion-panel-active .kt-blocks-accordion-icon-trigger:before{background:#ffffff;}.kt-accordion-id450_488bc4-af:not( .kt-accodion-icon-style-basic ):not( .kt-accodion-icon-style-xclose ):not( .kt-accodion-icon-style-arrow ) .kt-blocks-accordion-header.kt-accordion-panel-active .kt-blocks-accordion-icon-trigger{background:#ffffff;}.kt-accordion-id450_488bc4-af:not( .kt-accodion-icon-style-basic ):not( .kt-accodion-icon-style-xclose ):not( .kt-accodion-icon-style-arrow ) .kt-blocks-accordion-header.kt-accordion-panel-active .kt-blocks-accordion-icon-trigger:after, .kt-accordion-id450_488bc4-af:not( .kt-accodion-icon-style-basic ):not( .kt-accodion-icon-style-xclose ):not( .kt-accodion-icon-style-arrow ) .kt-blocks-accordion-header.kt-accordion-panel-active .kt-blocks-accordion-icon-trigger:before{background:#f3690e;}@media all and (max-width: 1024px){.kt-accordion-id450_488bc4-af .kt-accordion-panel-inner{border-top:0px solid transparent;border-right:0px solid transparent;border-bottom:0px solid transparent;border-left:0px solid transparent;}}@media all and (max-width: 1024px){.kt-accordion-id450_488bc4-af .wp-block-kadence-pane .kt-accordion-header-wrap .kt-blocks-accordion-header{border-top:0px solid #f2f2f2;border-right:0px solid #f2f2f2;border-bottom:0px solid #f2f2f2;border-left:0px solid #f2f2f2;}}@media all and (max-width: 1024px){.kt-accordion-id450_488bc4-af .kt-accordion-header-wrap .kt-blocks-accordion-header:hover, body:not(.hide-focus-outline) .kt-accordion-id450_488bc4-af .kt-accordion-header-wrap .kt-blocks-accordion-header:focus{border-top-color:#eeeeee;border-top-style:solid;border-right-color:#eeeeee;border-right-style:solid;border-bottom-color:#eeeeee;border-bottom-style:solid;border-left-color:#eeeeee;border-left-style:solid;}}@media all and (max-width: 1024px){.kt-accordion-id450_488bc4-af .kt-accordion-header-wrap .kt-blocks-accordion-header.kt-accordion-panel-active{border-top-color:#f3690e;border-top-style:solid;border-right-color:#f3690e;border-right-style:solid;border-bottom-color:#f3690e;border-bottom-style:solid;border-left-color:#f3690e;border-left-style:solid;}}@media all and (max-width: 767px){.kt-accordion-id450_488bc4-af .kt-accordion-panel-inner{border-top:0px solid transparent;border-right:0px solid transparent;border-bottom:0px solid transparent;border-left:0px solid transparent;}.kt-accordion-id450_488bc4-af .wp-block-kadence-pane .kt-accordion-header-wrap .kt-blocks-accordion-header{border-top:0px solid #f2f2f2;border-right:0px solid #f2f2f2;border-bottom:0px solid #f2f2f2;border-left:0px solid #f2f2f2;}.kt-accordion-id450_488bc4-af .kt-accordion-header-wrap .kt-blocks-accordion-header:hover, body:not(.hide-focus-outline) .kt-accordion-id450_488bc4-af .kt-accordion-header-wrap .kt-blocks-accordion-header:focus{border-top-color:#eeeeee;border-top-style:solid;border-right-color:#eeeeee;border-right-style:solid;border-bottom-color:#eeeeee;border-bottom-style:solid;border-left-color:#eeeeee;border-left-style:solid;}.kt-accordion-id450_488bc4-af .kt-accordion-header-wrap .kt-blocks-accordion-header.kt-accordion-panel-active{border-top-color:#f3690e;border-top-style:solid;border-right-color:#f3690e;border-right-style:solid;border-bottom-color:#f3690e;border-bottom-style:solid;border-left-color:#f3690e;border-left-style:solid;}}<\/style>\n<div class=\"wp-block-kadence-accordion alignnone\"><div class=\"kt-accordion-wrap kt-accordion-id450_488bc4-af kt-accordion-has-2-panes kt-active-pane-0 kt-accordion-block kt-pane-header-alignment-left kt-accodion-icon-style-basic kt-accodion-icon-side-right\" style=\"max-width:none\"><div class=\"kt-accordion-inner-wrap\" data-allow-multiple-open=\"false\" data-start-open=\"0\">\n<div class=\"wp-block-kadence-pane kt-accordion-pane kt-accordion-pane-1 kt-pane450_1f907d-5d\"><div class=\"kt-accordion-header-wrap\"><button class=\"kt-blocks-accordion-header kt-acccordion-button-label-show\"><span class=\"kt-blocks-accordion-title-wrap\"><span class=\"kt-blocks-accordion-title\">CONCURSO VIGENTE &#8211; Noviembre 2024<\/span><\/span><span class=\"kt-blocks-accordion-icon-trigger\"><\/span><\/button><\/div><div class=\"kt-accordion-panel kt-accordion-panel-hidden\"><div class=\"kt-accordion-panel-inner\">\n<p>GOBIERNO AUT\u00d3NOMO DESCENTRALIZADO MUNICIPAL DEL CANT\u00d3N CHAMBO INVITA A LA CIUDADAN\u00cdA A PARTICIPAR EN EL CONCURSO P\u00daBLICO DE M\u00c9RITOS Y OPOSICI\u00d3N, IMPUGNACI\u00d3N CIUDADANA Y CONTROL SOCIAL, PARA LA SELECCI\u00d3N Y DESIGNACI\u00d3N DE REGISTRADOR\/A DE LA PROPIEDAD Y REGISTRADOR\/A DE LA PROPIEDAD CON FUNCIONES Y FACULTADES DE REGISTRO MERCANTIL DEL GAD MUNICIPAL DEL CANT\u00d3N CHAMBO, CONFORME SE DETALLA A CONTINUACI\u00d3N:<\/p>\n\n\n\n<div class=\"wp-block-columns is-layout-flex wp-container-core-columns-is-layout-9d6595d7 wp-block-columns-is-layout-flex\">\n<div class=\"wp-block-column is-layout-flow wp-block-column-is-layout-flow\">\n<figure class=\"wp-block-image size-full\"><img loading=\"lazy\" decoding=\"async\" width=\"1080\" height=\"1080\" src=\"https:\/\/gobiernodechambo.gob.ec\/gadchambo\/wp-content\/uploads\/2024\/11\/Convocatoria1-1.jpeg\" alt=\"\" class=\"wp-image-6828\"\/><\/figure>\n<\/div>\n\n\n\n<div class=\"wp-block-column is-layout-flow wp-block-column-is-layout-flow\">\n<figure class=\"wp-block-image size-full\"><img loading=\"lazy\" decoding=\"async\" width=\"1080\" height=\"1080\" src=\"https:\/\/gobiernodechambo.gob.ec\/gadchambo\/wp-content\/uploads\/2024\/11\/Convocatoria2.jpeg\" alt=\"\" class=\"wp-image-6829\"\/><\/figure>\n<\/div>\n<\/div>\n\n\n\n<div class=\"wp-block-file\"><a id=\"wp-block-file--media-0c5e0754-fd85-44e4-a2c6-4aef7988f9c6\" href=\"https:\/\/gobiernodechambo.gob.ec\/gadchambo\/wp-content\/uploads\/2024\/11\/Convocatoria_ConcursoRegistroChambo.pdf\">Convocatoria Concurso<\/a><a href=\"https:\/\/gobiernodechambo.gob.ec\/gadchambo\/wp-content\/uploads\/2024\/11\/Convocatoria_ConcursoRegistroChambo.pdf\" class=\"wp-block-file__button wp-element-button\" download aria-describedby=\"wp-block-file--media-0c5e0754-fd85-44e4-a2c6-4aef7988f9c6\">Descarga<\/a><\/div>\n\n\n\n<div class=\"wp-block-file\"><a id=\"wp-block-file--media-23877d2f-04c0-4157-ae58-ec8196f8e2b5\" href=\"https:\/\/gobiernodechambo.gob.ec\/gadchambo\/wp-content\/uploads\/2024\/11\/informe_de_verificacion_y_validacion_de_requisitos_mnimos-1.pdf\">Informe de Verificaci\u00f3n y validaci\u00f3n de requisitos m\u00ednimos<\/a><a href=\"https:\/\/gobiernodechambo.gob.ec\/gadchambo\/wp-content\/uploads\/2024\/11\/informe_de_verificacion_y_validacion_de_requisitos_mnimos-1.pdf\" class=\"wp-block-file__button wp-element-button\" download aria-describedby=\"wp-block-file--media-23877d2f-04c0-4157-ae58-ec8196f8e2b5\">Descarga<\/a><\/div>\n\n\n\n<div class=\"wp-block-file\"><a id=\"wp-block-file--media-5adfdb15-2c8d-43f6-99a6-335ad3e0d436\" href=\"https:\/\/gobiernodechambo.gob.ec\/gadchambo\/wp-content\/uploads\/2024\/12\/acta_de_reconsideracion_valida.pdf\">Acta de Reconsideracion V\u00e1lida<\/a><a href=\"https:\/\/gobiernodechambo.gob.ec\/gadchambo\/wp-content\/uploads\/2024\/12\/acta_de_reconsideracion_valida.pdf\" class=\"wp-block-file__button wp-element-button\" download aria-describedby=\"wp-block-file--media-5adfdb15-2c8d-43f6-99a6-335ad3e0d436\">Descarga<\/a><\/div>\n\n\n\n<div class=\"wp-block-file\"><a id=\"wp-block-file--media-cda3fb52-c58f-4b0e-9882-8d4978b7ba54\" href=\"https:\/\/gobiernodechambo.gob.ec\/gadchambo\/wp-content\/uploads\/2024\/12\/acta_inexistencia_impugnacion_ciudadana.pdf\">Acta de Inexistencia de Impugnacion Ciudadana<\/a><a href=\"https:\/\/gobiernodechambo.gob.ec\/gadchambo\/wp-content\/uploads\/2024\/12\/acta_inexistencia_impugnacion_ciudadana.pdf\" class=\"wp-block-file__button wp-element-button\" download aria-describedby=\"wp-block-file--media-cda3fb52-c58f-4b0e-9882-8d4978b7ba54\">Descarga<\/a><\/div>\n\n\n\n<div class=\"wp-block-file\"><a id=\"wp-block-file--media-c09116e0-e2d8-48d3-90a6-2cdcdc8bd7e4\" href=\"https:\/\/gobiernodechambo.gob.ec\/gadchambo\/wp-content\/uploads\/2025\/01\/acta_de_valoracion_de_meritos.pdf\">Acta de Valoraci\u00f3n de M\u00e9ritos<\/a><a href=\"https:\/\/gobiernodechambo.gob.ec\/gadchambo\/wp-content\/uploads\/2025\/01\/acta_de_valoracion_de_meritos.pdf\" class=\"wp-block-file__button wp-element-button\" download aria-describedby=\"wp-block-file--media-c09116e0-e2d8-48d3-90a6-2cdcdc8bd7e4\">Descarga<\/a><\/div>\n\n\n\n<div class=\"wp-block-file\"><a id=\"wp-block-file--media-96292a7c-4c94-4951-9b0c-033a63acd38f\" href=\"https:\/\/gobiernodechambo.gob.ec\/gadchambo\/wp-content\/uploads\/2025\/01\/Resultados_pruebas_tecnicos_y_psicometricas.pdf\">Resultados de Pruebas T\u00e9cnicas y Psicom\u00e9tricas<\/a><a href=\"https:\/\/gobiernodechambo.gob.ec\/gadchambo\/wp-content\/uploads\/2025\/01\/Resultados_pruebas_tecnicos_y_psicometricas.pdf\" class=\"wp-block-file__button wp-element-button\" download aria-describedby=\"wp-block-file--media-96292a7c-4c94-4951-9b0c-033a63acd38f\">Descarga<\/a><\/div>\n\n\n\n<div class=\"wp-block-file\"><a id=\"wp-block-file--media-464671a6-050b-47c8-a82a-a05efb1712e3\" href=\"https:\/\/gobiernodechambo.gob.ec\/gadchambo\/wp-content\/uploads\/2025\/01\/informe_final_de_resultados_de_meritos_pruebas.pdf\">Informe final de Resultados de M\u00e9ritos Pruebas<\/a><a href=\"https:\/\/gobiernodechambo.gob.ec\/gadchambo\/wp-content\/uploads\/2025\/01\/informe_final_de_resultados_de_meritos_pruebas.pdf\" class=\"wp-block-file__button wp-element-button\" download aria-describedby=\"wp-block-file--media-464671a6-050b-47c8-a82a-a05efb1712e3\">Descarga<\/a><\/div>\n\n\n\n<div class=\"wp-block-file\"><a id=\"wp-block-file--media-bf486519-ebfe-44ef-968e-4b802744c4cf\" href=\"https:\/\/gobiernodechambo.gob.ec\/gadchambo\/wp-content\/uploads\/2025\/01\/acta_de_apelacion_crp.pdf\">Acta de Apelaci\u00f3n<\/a><a href=\"https:\/\/gobiernodechambo.gob.ec\/gadchambo\/wp-content\/uploads\/2025\/01\/acta_de_apelacion_crp.pdf\" class=\"wp-block-file__button wp-element-button\" download aria-describedby=\"wp-block-file--media-bf486519-ebfe-44ef-968e-4b802744c4cf\">Descarga<\/a><\/div>\n\n\n\n<div class=\"wp-block-file\"><a id=\"wp-block-file--media-1d441644-7b48-40c0-a65f-1d77d14a4140\" href=\"https:\/\/gobiernodechambo.gob.ec\/gadchambo\/wp-content\/uploads\/2025\/01\/InformeFinalResultadomeritos.pdf\">Informe Final de Resultado de M\u00e9ritos<\/a><a href=\"https:\/\/gobiernodechambo.gob.ec\/gadchambo\/wp-content\/uploads\/2025\/01\/InformeFinalResultadomeritos.pdf\" class=\"wp-block-file__button wp-element-button\" download aria-describedby=\"wp-block-file--media-1d441644-7b48-40c0-a65f-1d77d14a4140\">Descarga<\/a><\/div>\n\n\n\n<p>Link de la ENTREVISTA (En Vivo GAD Municipal De Chambo)<\/p>\n\n\n\n<p><a href=\"https:\/\/www.facebook.com\/share\/v\/1X2qbuicob\">https:\/\/www.facebook.com\/share\/v\/1X2qbuicob<\/a><\/p>\n\n\n\n<p><a href=\"https:\/\/www.facebook.com\/watch\/live?ref=watch_permalink&amp;v=1590319781604645&amp;locale=es_LA\">https:\/\/www.facebook.com\/watch\/live?ref=watch_permalink&amp;v=1590319781604645&amp;locale=es_LA<\/a><\/p>\n\n\n\n<div class=\"wp-block-file\"><a id=\"wp-block-file--media-ba6e8e58-b7f9-46f8-9e0c-8f53634d891b\" href=\"https:\/\/gobiernodechambo.gob.ec\/gadchambo\/wp-content\/uploads\/2025\/02\/acta_de_resultados_de_la_entrevista.pdf\">Acta de Resultados de la Entrevista<\/a><a href=\"https:\/\/gobiernodechambo.gob.ec\/gadchambo\/wp-content\/uploads\/2025\/02\/acta_de_resultados_de_la_entrevista.pdf\" class=\"wp-block-file__button wp-element-button\" download aria-describedby=\"wp-block-file--media-ba6e8e58-b7f9-46f8-9e0c-8f53634d891b\">Descarga<\/a><\/div>\n\n\n\n<div class=\"wp-block-file\"><a id=\"wp-block-file--media-90575a27-0bdd-4635-b7fa-ed59433f1d37\" href=\"https:\/\/gobiernodechambo.gob.ec\/gadchambo\/wp-content\/uploads\/2025\/02\/Acta_de_inexistencia_de_apelacion.pdf\">Acta de inexistencia de Apelacion a la Entrevista<\/a><a href=\"https:\/\/gobiernodechambo.gob.ec\/gadchambo\/wp-content\/uploads\/2025\/02\/Acta_de_inexistencia_de_apelacion.pdf\" class=\"wp-block-file__button wp-element-button\" download aria-describedby=\"wp-block-file--media-90575a27-0bdd-4635-b7fa-ed59433f1d37\">Descarga<\/a><\/div>\n\n\n\n<div class=\"wp-block-file\"><a id=\"wp-block-file--media-c06338a3-f788-4acf-b763-34b2891b51fb\" href=\"https:\/\/gobiernodechambo.gob.ec\/gadchambo\/wp-content\/uploads\/2025\/02\/Informe_final_a_la_etapa_de_la_entrevista.pdf\">Informe fina a la etapa de la entrevista<\/a><a href=\"https:\/\/gobiernodechambo.gob.ec\/gadchambo\/wp-content\/uploads\/2025\/02\/Informe_final_a_la_etapa_de_la_entrevista.pdf\" class=\"wp-block-file__button wp-element-button\" download aria-describedby=\"wp-block-file--media-c06338a3-f788-4acf-b763-34b2891b51fb\">Descarga<\/a><\/div>\n<\/div><\/div><\/div>\n\n\n\n<div class=\"wp-block-kadence-pane kt-accordion-pane kt-accordion-pane-2 kt-pane450_8f4015-47\"><div class=\"kt-accordion-header-wrap\"><button class=\"kt-blocks-accordion-header kt-acccordion-button-label-show\"><span class=\"kt-blocks-accordion-title-wrap\"><span class=\"kt-blocks-accordion-title\">CONCURSO DESIERTO &#8211; Enero 2024<\/span><\/span><span class=\"kt-blocks-accordion-icon-trigger\"><\/span><\/button><\/div><div class=\"kt-accordion-panel kt-accordion-panel-hidden\"><div class=\"kt-accordion-panel-inner\">\n<p><\/p>\n\n\n\n<p>GOBIERNO AUT\u00d3NOMO DESCENTRALIZADO MUNICIPAL DEL CANT\u00d3N CHAMBO INVITA A LA CIUDADAN\u00cdA A PARTICIPAR EN EL CONCURSO P\u00daBLICO DE M\u00c9RITOS Y OPOSICI\u00d3N, IMPUGNACI\u00d3N CIUDADANA Y CONTROL SOCIAL, PARA LA SELECCI\u00d3N Y DESIGNACI\u00d3N DE REGISTRADOR\/A DE LA PROPIEDAD Y REGISTRADOR\/A DE LA PROPIEDAD CON FUNCIONES Y FACULTADES DE REGISTRO MERCANTIL DEL GAD MUNICIPAL DEL CANT\u00d3N CHAMBO, CONFORME SE DETALLA A CONTINUACI\u00d3N:<\/p>\n\n\n<style>.wp-block-kadence-advancedheading.kt-adv-heading450_b239bd-6d, .wp-block-kadence-advancedheading.kt-adv-heading450_b239bd-6d[data-kb-block=\"kb-adv-heading450_b239bd-6d\"]{font-style:normal;}.wp-block-kadence-advancedheading.kt-adv-heading450_b239bd-6d mark, .wp-block-kadence-advancedheading.kt-adv-heading450_b239bd-6d[data-kb-block=\"kb-adv-heading450_b239bd-6d\"] mark{font-style:normal;color:#f76a0c;padding-top:0px;padding-right:0px;padding-bottom:0px;padding-left:0px;}<\/style>\n<h2 class=\"kt-adv-heading450_b239bd-6d wp-block-kadence-advancedheading\" data-kb-block=\"kb-adv-heading450_b239bd-6d\"><\/h2>\n\n\n\n<p>Para mayor informaci\u00f3n en el link: https:\/\/concursos.registrospublicos.gob.ec\/inicio.js<\/p>\n\n\n\n<p>Con el antecedente se\u00f1alado, a fin de cumplir con lo estipulado en el Art. 25 y el Art. 26 de la RESOLUCI\u00d3N N\u00b0 004-NG-DINARP-2022, se publica lo siguiente: listado de los postulantes y el Informe T\u00e9cnico No. 004-TH-CRP-2023- GADMCH, VERIFICACI\u00d3N Y VALIDACI\u00d3N DE REQUISITOS M\u00cdNIMOS PARA SELECCIONAR MEDIANTE CONCURSO P\u00daBLICO DE M\u00c9RITOS Y OPOSICI\u00d3N, IMPUGNACI\u00d3N CIUDADANA Y CONTROL SOCIAL, PARA LA SELECCI\u00d3N Y DESIGNACI\u00d3N DE REGISTRADOR\/A DE LA PROPIEDAD Y REGISTRADOR\/A DE LA PROPIEDAD CON FUNCIONES Y FACULTADES DE REGISTRO MERCANTIL, DEL GAD MUNICIPAL DEL CANT\u00d3N CHAMBO.<\/p>\n\n\n\n<div class=\"wp-block-file\"><a id=\"wp-block-file--media-c67a5c63-7060-4e74-9894-1ec4fa45b9b3\" href=\"https:\/\/gobiernodechambo.gob.ec\/gadchambo\/wp-content\/uploads\/2023\/12\/INFORME-DE-VERIFICACION-Y-VALIDACION-DE-REQUISITOS-MINIMOS.pdf\">INFORME-DE-VERIFICACION-Y-VALIDACION-DE-REQUISITOS-MINIMOS<\/a><a href=\"https:\/\/gobiernodechambo.gob.ec\/gadchambo\/wp-content\/uploads\/2023\/12\/INFORME-DE-VERIFICACION-Y-VALIDACION-DE-REQUISITOS-MINIMOS.pdf\" class=\"wp-block-file__button wp-element-button\" download aria-describedby=\"wp-block-file--media-c67a5c63-7060-4e74-9894-1ec4fa45b9b3\">Descarga<\/a><\/div>\n\n\n\n<div class=\"wp-block-file\"><a id=\"wp-block-file--media-ef9f6b31-43f3-4a1e-acbc-f49ebcb1f068\" href=\"https:\/\/gobiernodechambo.gob.ec\/gadchambo\/wp-content\/uploads\/2023\/12\/ACTA-CALIFICACION-5-DIC-2023.pdf\">ACTA-CALIFICACION-5-DIC-2023<\/a><a href=\"https:\/\/gobiernodechambo.gob.ec\/gadchambo\/wp-content\/uploads\/2023\/12\/ACTA-CALIFICACION-5-DIC-2023.pdf\" class=\"wp-block-file__button wp-element-button\" download aria-describedby=\"wp-block-file--media-ef9f6b31-43f3-4a1e-acbc-f49ebcb1f068\">Descarga<\/a><\/div>\n\n\n\n<div class=\"wp-block-file\"><a id=\"wp-block-file--media-ecf017e4-fa70-47ee-857c-5bf80a30bf9e\" href=\"https:\/\/gobiernodechambo.gob.ec\/gadchambo\/wp-content\/uploads\/2023\/12\/LISTADO-DE-LOS-POSTULANTES.pdf\">LISTADO-DE-LOS-POSTULANTES<\/a><a href=\"https:\/\/gobiernodechambo.gob.ec\/gadchambo\/wp-content\/uploads\/2023\/12\/LISTADO-DE-LOS-POSTULANTES.pdf\" class=\"wp-block-file__button wp-element-button\" download aria-describedby=\"wp-block-file--media-ecf017e4-fa70-47ee-857c-5bf80a30bf9e\">Descarga<\/a><\/div>\n\n\n\n<p>A DE RECONSIDERACI\u00d3N&nbsp; DEL INFORME DE VERIFICACI\u00d3N Y VALIDACI\u00d3N DE REQUISITOS M\u00cdNIMOS PARA SELECCIONAR MEDIANTE CONCURSO P\u00daBLICO DE M\u00c9RITOS Y OPOSICI\u00d3N, IMPUGNACI\u00d3N CIUDADANA Y CONTROL SOCIAL, PARA LA SELECCI\u00d3N Y DESIGNACI\u00d3N DE IMPUGNACI\u00d3N CIUDADANA Y CONTROL SOCIAL, PARA LA SELECCI\u00d3N Y DESIGNACI\u00d3N DE REGISTRADOR\/A&nbsp; DE LA PROPIEDAD CON FUNCIONES Y FACULTADES DE REGISTRO MERCANTIL, DEL GAD MUNICIPAL DEL CANT\u00d3N CHAMBO.<\/p>\n\n\n\n<div class=\"wp-block-file\"><a id=\"wp-block-file--media-1bec69aa-ee64-4f6e-9b28-655a32f15a4a\" href=\"https:\/\/gobiernodechambo.gob.ec\/gadchambo\/wp-content\/uploads\/2023\/12\/acta_de_reconsideracionValidacionRequisitos.pdf\">acta_de_reconsideracionValidacionRequisitos<\/a><a href=\"https:\/\/gobiernodechambo.gob.ec\/gadchambo\/wp-content\/uploads\/2023\/12\/acta_de_reconsideracionValidacionRequisitos.pdf\" class=\"wp-block-file__button wp-element-button\" download aria-describedby=\"wp-block-file--media-1bec69aa-ee64-4f6e-9b28-655a32f15a4a\">Descarga<\/a><\/div>\n\n\n\n<p>ACTA DE RECONSIDERACION DEL INFORME DE VERIFICACI\u00d3N Y VALIDACI\u00d3N DE REQUISITOS M\u00cdNIMOS PARA SELECCIONAR MEDIANTE CONCURSO P\u00daBLICO DE M\u00c9RITOS Y OPOSICI\u00d3N, IMPUGNACI\u00d3N CIUDADANA Y CONTROL SOCIAL, PARA LA SELECCI\u00d3N Y DESIGNACI\u00d3N DE REGISTRADOR\/A DE LA PROPIEDAD CON FUNCIONES Y FACULTADES DE REGISTRO MERCANTIL, DEL GAD MUNICIPAL DEL CANT\u00d3N CHAMBO.<\/p>\n\n\n\n<div class=\"wp-block-file\"><a id=\"wp-block-file--media-c85107fd-8f3a-4132-bd3c-c2d11ff89dc3\" href=\"https:\/\/gobiernodechambo.gob.ec\/gadchambo\/wp-content\/uploads\/2023\/12\/ACTA-DE-RECONSIDERACION.pdf\">ACTA-DE-RECONSIDERACION<\/a><a href=\"https:\/\/gobiernodechambo.gob.ec\/gadchambo\/wp-content\/uploads\/2023\/12\/ACTA-DE-RECONSIDERACION.pdf\" class=\"wp-block-file__button wp-element-button\" download aria-describedby=\"wp-block-file--media-c85107fd-8f3a-4132-bd3c-c2d11ff89dc3\">Descarga<\/a><\/div>\n\n\n\n<p>ACTA DE INEXISTENCIA DE IMPUGNACIONES CIUDADANAS&nbsp; CONCURSO P\u00daBLICO DE M\u00c9RITOS Y OPOSICI\u00d3N, IMPUGNACI\u00d3N CIUDADANA Y CONTROL SOCIAL, PARA LA SELECCI\u00d3N Y DESIGNACI\u00d3N DE REGISTRADOR\/A DE LA PROPIEDAD CON FUNCIONES Y FACULTADES DE REGISTRO MERCANTIL, DEL GAD MUNICIPAL DEL CANT\u00d3N CHAMBO.<\/p>\n\n\n\n<div class=\"wp-block-file\"><a id=\"wp-block-file--media-048d4d23-6656-4f87-9d1f-7e46130172fa\" href=\"https:\/\/gobiernodechambo.gob.ec\/gadchambo\/wp-content\/uploads\/2023\/12\/ActaDeInexistenciaImpugnacionesCiudadanas.pdf\">ActaDeInexistenciaImpugnacionesCiudadanas<\/a><a href=\"https:\/\/gobiernodechambo.gob.ec\/gadchambo\/wp-content\/uploads\/2023\/12\/ActaDeInexistenciaImpugnacionesCiudadanas.pdf\" class=\"wp-block-file__button wp-element-button\" download aria-describedby=\"wp-block-file--media-048d4d23-6656-4f87-9d1f-7e46130172fa\">Descarga<\/a><\/div>\n<\/div><\/div><\/div>\n<\/div><\/div><\/div>\n","protected":false},"excerpt":{"rendered":"","protected":false},"author":1,"featured_media":0,"parent":0,"menu_order":0,"comment_status":"closed","ping_status":"closed","template":"","meta":{"_kad_post_transparent":"","_kad_post_title":"","_kad_post_layout":"","_kad_post_sidebar_id":"","_kad_post_content_style":"","_kad_post_vertical_padding":"","_kad_post_feature":"","_kad_post_feature_position":"","_kad_post_header":false,"_kad_post_footer":false,"footnotes":""},"class_list":["post-450","page","type-page","status-publish","hentry"],"_links":{"self":[{"href":"https:\/\/gobiernodechambo.gob.ec\/gadchambo\/wp-json\/wp\/v2\/pages\/450","targetHints":{"allow":["GET"]}}],"collection":[{"href":"https:\/\/gobiernodechambo.gob.ec\/gadchambo\/wp-json\/wp\/v2\/pages"}],"about":[{"href":"https:\/\/gobiernodechambo.gob.ec\/gadchambo\/wp-json\/wp\/v2\/types\/page"}],"author":[{"embeddable":true,"href":"https:\/\/gobiernodechambo.gob.ec\/gadchambo\/wp-json\/wp\/v2\/users\/1"}],"replies":[{"embeddable":true,"href":"https:\/\/gobiernodechambo.gob.ec\/gadchambo\/wp-json\/wp\/v2\/comments?post=450"}],"version-history":[{"count":25,"href":"https:\/\/gobiernodechambo.gob.ec\/gadchambo\/wp-json\/wp\/v2\/pages\/450\/revisions"}],"predecessor-version":[{"id":8621,"href":"https:\/\/gobiernodechambo.gob.ec\/gadchambo\/wp-json\/wp\/v2\/pages\/450\/revisions\/8621"}],"wp:attachment":[{"href":"https:\/\/gobiernodechambo.gob.ec\/gadchambo\/wp-json\/wp\/v2\/media?parent=450"}],"curies":[{"name":"wp","href":"https:\/\/api.w.org\/{rel}","templated":true}]}}